{"id":38,"date":"2024-07-20T14:56:26","date_gmt":"2024-07-20T14:56:26","guid":{"rendered":"https:\/\/www.cbhome.co\/inicios\/"},"modified":"2025-04-28T09:04:37","modified_gmt":"2025-04-28T09:04:37","slug":"inicios","status":"publish","type":"page","link":"https:\/\/www.cbhome.co\/en\/","title":{"rendered":"Menu"},"content":{"rendered":"<div data-elementor-type=\"wp-page\" data-elementor-id=\"38\" class=\"elementor elementor-38\" data-elementor-post-type=\"page\">\n\t\t\t\t\t\t<section class=\"elementor-section elementor-top-section elementor-element elementor-element-479a899b elementor-section-boxed elementor-section-height-default elementor-section-height-default\" data-id=\"479a899b\" data-element_type=\"section\" data-e-type=\"section\" data-settings=\"{&quot;background_background&quot;:&quot;classic&quot;}\">\n\t\t\t\t\t\t\t<div class=\"elementor-background-overlay\"><\/div>\n\t\t\t\t\t\t\t<div class=\"elementor-container elementor-column-gap-default\">\n\t\t\t\t\t<div class=\"elementor-column elementor-col-100 elementor-top-column elementor-element elementor-element-3ac5c6b4\" data-id=\"3ac5c6b4\" data-element_type=\"column\" data-e-type=\"column\">\n\t\t\t<div class=\"elementor-widget-wrap elementor-element-populated\">\n\t\t\t\t\t\t<div class=\"elementor-element elementor-element-60cb5843 elementor-widget elementor-widget-heading\" data-id=\"60cb5843\" data-element_type=\"widget\" data-e-type=\"widget\" data-widget_type=\"heading.default\">\n\t\t\t\t<div class=\"elementor-widget-container\">\n\t\t\t\t\t<h2 class=\"elementor-heading-title elementor-size-default\">The luxury and rest you\u00b4re looking for! <\/h2>\t\t\t\t<\/div>\n\t\t\t\t<\/div>\n\t\t\t\t\t<\/div>\n\t\t<\/div>\n\t\t\t\t\t<\/div>\n\t\t<\/section>\n\t\t\t\t<section class=\"elementor-section elementor-top-section elementor-element elementor-element-8eb2d60 elementor-section-boxed elementor-section-height-default elementor-section-height-default\" data-id=\"8eb2d60\" data-element_type=\"section\" data-e-type=\"section\">\n\t\t\t\t\t\t<div class=\"elementor-container elementor-column-gap-default\">\n\t\t\t\t\t<div class=\"elementor-column elementor-col-100 elementor-top-column elementor-element elementor-element-3bac9da0\" data-id=\"3bac9da0\" data-element_type=\"column\" data-e-type=\"column\">\n\t\t\t<div class=\"elementor-widget-wrap elementor-element-populated\">\n\t\t\t\t\t\t<div class=\"elementor-element elementor-element-1ed78dfa elementor-widget elementor-widget-heading\" data-id=\"1ed78dfa\" data-element_type=\"widget\" data-e-type=\"widget\" data-widget_type=\"heading.default\">\n\t\t\t\t<div class=\"elementor-widget-container\">\n\t\t\t\t\t<h2 class=\"elementor-heading-title elementor-size-default\">Why are we the best option for your vacation?<\/h2>\t\t\t\t<\/div>\n\t\t\t\t<\/div>\n\t\t\t\t<section class=\"elementor-section elementor-inner-section elementor-element elementor-element-426dc58f elementor-section-boxed elementor-section-height-default elementor-section-height-default\" data-id=\"426dc58f\" data-element_type=\"section\" data-e-type=\"section\">\n\t\t\t\t\t\t<div class=\"elementor-container elementor-column-gap-default\">\n\t\t\t\t\t<div class=\"elementor-column elementor-col-33 elementor-inner-column elementor-element elementor-element-14a183ba\" data-id=\"14a183ba\" data-element_type=\"column\" data-e-type=\"column\">\n\t\t\t<div class=\"elementor-widget-wrap elementor-element-populated\">\n\t\t\t\t\t\t<div class=\"elementor-element elementor-element-74868a35 elementor-position-top elementor-widget elementor-widget-image-box\" data-id=\"74868a35\" data-element_type=\"widget\" data-e-type=\"widget\" data-widget_type=\"image-box.default\">\n\t\t\t\t<div class=\"elementor-widget-container\">\n\t\t\t\t\t<div class=\"elementor-image-box-wrapper\"><figure class=\"elementor-image-box-img\"><img fetchpriority=\"high\" decoding=\"async\" width=\"800\" height=\"802\" src=\"https:\/\/www.cbhome.co\/wp-content\/uploads\/2024\/08\/IMG_7814-4-1022x1024.jpg\" class=\"attachment-large size-large wp-image-267\" alt=\"Salida directa a la playa de cartagena beach home\" srcset=\"https:\/\/www.cbhome.co\/wp-content\/uploads\/2024\/08\/IMG_7814-4-1022x1024.jpg 1022w, https:\/\/www.cbhome.co\/wp-content\/uploads\/2024\/08\/IMG_7814-4-300x300.jpg 300w, https:\/\/www.cbhome.co\/wp-content\/uploads\/2024\/08\/IMG_7814-4-150x150.jpg 150w, https:\/\/www.cbhome.co\/wp-content\/uploads\/2024\/08\/IMG_7814-4-768x769.jpg 768w, https:\/\/www.cbhome.co\/wp-content\/uploads\/2024\/08\/IMG_7814-4.jpg 1079w\" sizes=\"(max-width: 800px) 100vw, 800px\" \/><\/figure><div class=\"elementor-image-box-content\"><h3 class=\"elementor-image-box-title\">Direct access to the beach<\/h3><p class=\"elementor-image-box-description\">The safest and quietest beach <br>of the city.<\/p><\/div><\/div>\t\t\t\t<\/div>\n\t\t\t\t<\/div>\n\t\t\t\t\t<\/div>\n\t\t<\/div>\n\t\t\t\t<div class=\"elementor-column elementor-col-33 elementor-inner-column elementor-element elementor-element-65f3869e\" data-id=\"65f3869e\" data-element_type=\"column\" data-e-type=\"column\">\n\t\t\t<div class=\"elementor-widget-wrap elementor-element-populated\">\n\t\t\t\t\t\t<div class=\"elementor-element elementor-element-5b7b935c elementor-position-top elementor-widget elementor-widget-image-box\" data-id=\"5b7b935c\" data-element_type=\"widget\" data-e-type=\"widget\" data-widget_type=\"image-box.default\">\n\t\t\t\t<div class=\"elementor-widget-container\">\n\t\t\t\t\t<div class=\"elementor-image-box-wrapper\"><figure class=\"elementor-image-box-img\"><img decoding=\"async\" width=\"800\" height=\"534\" src=\"https:\/\/www.cbhome.co\/wp-content\/uploads\/2024\/08\/pexels-cottonbro-6466217-2-1024x683.jpg\" class=\"attachment-large size-large wp-image-268\" alt=\"\" srcset=\"https:\/\/www.cbhome.co\/wp-content\/uploads\/2024\/08\/pexels-cottonbro-6466217-2-1024x683.jpg 1024w, https:\/\/www.cbhome.co\/wp-content\/uploads\/2024\/08\/pexels-cottonbro-6466217-2-300x200.jpg 300w, https:\/\/www.cbhome.co\/wp-content\/uploads\/2024\/08\/pexels-cottonbro-6466217-2-768x512.jpg 768w, https:\/\/www.cbhome.co\/wp-content\/uploads\/2024\/08\/pexels-cottonbro-6466217-2-1536x1024.jpg 1536w, https:\/\/www.cbhome.co\/wp-content\/uploads\/2024\/08\/pexels-cottonbro-6466217-2-2048x1365.jpg 2048w\" sizes=\"(max-width: 800px) 100vw, 800px\" \/><\/figure><div class=\"elementor-image-box-content\"><h3 class=\"elementor-image-box-title\">\"Be more to serve better\"<\/h3><p class=\"elementor-image-box-description\">Trained and specialized team to provide you with a hospitality service.\n<\/p><\/div><\/div>\t\t\t\t<\/div>\n\t\t\t\t<\/div>\n\t\t\t\t\t<\/div>\n\t\t<\/div>\n\t\t\t\t<div class=\"elementor-column elementor-col-33 elementor-inner-column elementor-element elementor-element-721d414\" data-id=\"721d414\" data-element_type=\"column\" data-e-type=\"column\">\n\t\t\t<div class=\"elementor-widget-wrap elementor-element-populated\">\n\t\t\t\t\t\t<div class=\"elementor-element elementor-element-144be744 elementor-position-top elementor-widget elementor-widget-image-box\" data-id=\"144be744\" data-element_type=\"widget\" data-e-type=\"widget\" data-widget_type=\"image-box.default\">\n\t\t\t\t<div class=\"elementor-widget-container\">\n\t\t\t\t\t<div class=\"elementor-image-box-wrapper\"><figure class=\"elementor-image-box-img\"><img decoding=\"async\" width=\"800\" height=\"800\" src=\"https:\/\/www.cbhome.co\/wp-content\/uploads\/2024\/08\/IMG_7812-1024x1024.jpg\" class=\"attachment-large size-large wp-image-260\" alt=\"\" srcset=\"https:\/\/www.cbhome.co\/wp-content\/uploads\/2024\/08\/IMG_7812-1024x1024.jpg 1024w, https:\/\/www.cbhome.co\/wp-content\/uploads\/2024\/08\/IMG_7812-300x300.jpg 300w, https:\/\/www.cbhome.co\/wp-content\/uploads\/2024\/08\/IMG_7812-150x150.jpg 150w, https:\/\/www.cbhome.co\/wp-content\/uploads\/2024\/08\/IMG_7812-768x768.jpg 768w, https:\/\/www.cbhome.co\/wp-content\/uploads\/2024\/08\/IMG_7812.jpg 1080w\" sizes=\"(max-width: 800px) 100vw, 800px\" \/><\/figure><div class=\"elementor-image-box-content\"><h3 class=\"elementor-image-box-title\">Luxury biophilic condominium<\/h3><p class=\"elementor-image-box-description\">Designed and thought out with the comfort, relaxation, and well-being of our guests in mind.<\/p><\/div><\/div>\t\t\t\t<\/div>\n\t\t\t\t<\/div>\n\t\t\t\t\t<\/div>\n\t\t<\/div>\n\t\t\t\t\t<\/div>\n\t\t<\/section>\n\t\t\t\t\t<\/div>\n\t\t<\/div>\n\t\t\t\t\t<\/div>\n\t\t<\/section>\n\t\t\t\t<section class=\"elementor-section elementor-top-section elementor-element elementor-element-70fae168 elementor-section-boxed elementor-section-height-default elementor-section-height-default\" data-id=\"70fae168\" data-element_type=\"section\" data-e-type=\"section\">\n\t\t\t\t\t\t<div class=\"elementor-container elementor-column-gap-no\">\n\t\t\t\t\t<div class=\"elementor-column elementor-col-100 elementor-top-column elementor-element elementor-element-7b73b5f9\" data-id=\"7b73b5f9\" data-element_type=\"column\" data-e-type=\"column\">\n\t\t\t<div class=\"elementor-widget-wrap elementor-element-populated\">\n\t\t\t\t\t\t<div class=\"elementor-element elementor-element-ca3927e elementor-widget-divider--view-line elementor-widget elementor-widget-divider\" data-id=\"ca3927e\" data-element_type=\"widget\" data-e-type=\"widget\" data-widget_type=\"divider.default\">\n\t\t\t\t<div class=\"elementor-widget-container\">\n\t\t\t\t\t\t\t<div class=\"elementor-divider\">\n\t\t\t<span class=\"elementor-divider-separator\">\n\t\t\t\t\t\t<\/span>\n\t\t<\/div>\n\t\t\t\t\t\t<\/div>\n\t\t\t\t<\/div>\n\t\t\t\t<div class=\"elementor-element elementor-element-28bf6483 elementor-widget elementor-widget-heading\" data-id=\"28bf6483\" data-element_type=\"widget\" data-e-type=\"widget\" data-widget_type=\"heading.default\">\n\t\t\t\t<div class=\"elementor-widget-container\">\n\t\t\t\t\t<h2 class=\"elementor-heading-title elementor-size-default\">Testimonials from <br>our guests<\/h2>\t\t\t\t<\/div>\n\t\t\t\t<\/div>\n\t\t\t\t<section class=\"elementor-section elementor-inner-section elementor-element elementor-element-2fba002c elementor-section-full_width elementor-section-height-default elementor-section-height-default\" data-id=\"2fba002c\" data-element_type=\"section\" data-e-type=\"section\">\n\t\t\t\t\t\t<div class=\"elementor-container elementor-column-gap-no\">\n\t\t\t\t\t<div class=\"elementor-column elementor-col-33 elementor-inner-column elementor-element elementor-element-212e9c97\" data-id=\"212e9c97\" data-element_type=\"column\" data-e-type=\"column\">\n\t\t\t<div class=\"elementor-widget-wrap elementor-element-populated\">\n\t\t\t\t\t\t<div class=\"elementor-element elementor-element-7ef4a8a3 elementor-widget elementor-widget-testimonial\" data-id=\"7ef4a8a3\" data-element_type=\"widget\" data-e-type=\"widget\" data-widget_type=\"testimonial.default\">\n\t\t\t\t<div class=\"elementor-widget-container\">\n\t\t\t\t\t\t\t<div class=\"elementor-testimonial-wrapper\">\n\t\t\t\t\t\t\t<div class=\"elementor-testimonial-content\">\"They care about our comfort and respond quickly to our questions. They are truly great hosts. Thank you for your hospitality.\"<\/div>\n\t\t\t\n\t\t\t\t\t\t<div class=\"elementor-testimonial-meta elementor-has-image elementor-testimonial-image-position-aside\">\n\t\t\t\t<div class=\"elementor-testimonial-meta-inner\">\n\t\t\t\t\t\t\t\t\t\t\t<div class=\"elementor-testimonial-image\">\n\t\t\t\t\t\t\t<img loading=\"lazy\" decoding=\"async\" width=\"150\" height=\"150\" src=\"https:\/\/www.cbhome.co\/wp-content\/uploads\/2024\/08\/Captura-de-pantalla-2024-08-01-a-las-1.38.38-p.m-150x150.png\" class=\"attachment-thumbnail size-thumbnail wp-image-153\" alt=\"\" \/>\t\t\t\t\t\t<\/div>\n\t\t\t\t\t\n\t\t\t\t\t\t\t\t\t\t<div class=\"elementor-testimonial-details\">\n\t\t\t\t\t\t\t\t\t\t\t\t\t\t<div class=\"elementor-testimonial-name\">Mario Robert, canad\u00e1<br>@Airbnb<\/div>\n\t\t\t\t\t\t\t\t\t\t\t\t\t\t\t\t\t\t\t<\/div>\n\t\t\t\t\t\t\t\t\t<\/div>\n\t\t\t<\/div>\n\t\t\t\t\t<\/div>\n\t\t\t\t\t\t<\/div>\n\t\t\t\t<\/div>\n\t\t\t\t<div class=\"elementor-element elementor-element-fb02707 elementor-widget elementor-widget-testimonial\" data-id=\"fb02707\" data-element_type=\"widget\" data-e-type=\"widget\" data-widget_type=\"testimonial.default\">\n\t\t\t\t<div class=\"elementor-widget-container\">\n\t\t\t\t\t\t\t<div class=\"elementor-testimonial-wrapper\">\n\t\t\t\t\t\t\t<div class=\"elementor-testimonial-content\">\"The complex is located in front of a very nice beach, not so crowded. The attention of the staff is very good, the apartment and the complex are very nice, very clean and very welcoming. I definitely recommend this place, to spend a quiet vacation with family and children.\"<\/div>\n\t\t\t\n\t\t\t\t\t\t<div class=\"elementor-testimonial-meta elementor-has-image elementor-testimonial-image-position-aside\">\n\t\t\t\t<div class=\"elementor-testimonial-meta-inner\">\n\t\t\t\t\t\t\t\t\t\t\t<div class=\"elementor-testimonial-image\">\n\t\t\t\t\t\t\t<img loading=\"lazy\" decoding=\"async\" width=\"150\" height=\"150\" src=\"https:\/\/www.cbhome.co\/wp-content\/uploads\/2024\/08\/Captura-de-pantalla-2024-08-01-a-las-1.44.32-p.m-150x150.png\" class=\"attachment-thumbnail size-thumbnail wp-image-156\" alt=\"\" \/>\t\t\t\t\t\t<\/div>\n\t\t\t\t\t\n\t\t\t\t\t\t\t\t\t\t<div class=\"elementor-testimonial-details\">\n\t\t\t\t\t\t\t\t\t\t\t\t\t\t<div class=\"elementor-testimonial-name\">Sandra, EE.UU.<br>@Airbnb<\/div>\n\t\t\t\t\t\t\t\t\t\t\t\t\t\t\t\t\t\t\t<\/div>\n\t\t\t\t\t\t\t\t\t<\/div>\n\t\t\t<\/div>\n\t\t\t\t\t<\/div>\n\t\t\t\t\t\t<\/div>\n\t\t\t\t<\/div>\n\t\t\t\t\t<\/div>\n\t\t<\/div>\n\t\t\t\t<div class=\"elementor-column elementor-col-33 elementor-inner-column elementor-element elementor-element-4aaf72b9\" data-id=\"4aaf72b9\" data-element_type=\"column\" data-e-type=\"column\">\n\t\t\t<div class=\"elementor-widget-wrap elementor-element-populated\">\n\t\t\t\t\t\t<div class=\"elementor-element elementor-element-198d1488 elementor-widget elementor-widget-testimonial\" data-id=\"198d1488\" data-element_type=\"widget\" data-e-type=\"widget\" data-widget_type=\"testimonial.default\">\n\t\t\t\t<div class=\"elementor-widget-container\">\n\t\t\t\t\t\t\t<div class=\"elementor-testimonial-wrapper\">\n\t\t\t\t\t\t\t<div class=\"elementor-testimonial-content\">\"Our family had a wonderful stay at Daniel\u2019s place. Everything was amazing, and the check in process was quick and easy. Everything was very clean, the front lobby, the apartment, the pools. If you have kids you will enjoy the kids zones, it was a plus for us with two kids, there is also a very well equipped gym. I loved the fact that the apartment is beach front and is very close to cuidad amurallada and the airport, the locations was great and calm. The apartment looks just like in the pictures, it provides everything you need and the host was very attentive. I will definitely be coming back here when I return to Cartagena!\"<\/div>\n\t\t\t\n\t\t\t\t\t\t<div class=\"elementor-testimonial-meta elementor-has-image elementor-testimonial-image-position-aside\">\n\t\t\t\t<div class=\"elementor-testimonial-meta-inner\">\n\t\t\t\t\t\t\t\t\t\t\t<div class=\"elementor-testimonial-image\">\n\t\t\t\t\t\t\t<img loading=\"lazy\" decoding=\"async\" width=\"150\" height=\"150\" src=\"https:\/\/www.cbhome.co\/wp-content\/uploads\/2024\/08\/Captura-de-pantalla-2024-08-01-a-las-1.40.27-p.m-150x150.png\" class=\"attachment-thumbnail size-thumbnail wp-image-154\" alt=\"\" \/>\t\t\t\t\t\t<\/div>\n\t\t\t\t\t\n\t\t\t\t\t\t\t\t\t\t<div class=\"elementor-testimonial-details\">\n\t\t\t\t\t\t\t\t\t\t\t\t\t\t<div class=\"elementor-testimonial-name\">Francis, EE.UU.<br>@Airbnb<\/div>\n\t\t\t\t\t\t\t\t\t\t\t\t\t\t\t\t\t\t\t<\/div>\n\t\t\t\t\t\t\t\t\t<\/div>\n\t\t\t<\/div>\n\t\t\t\t\t<\/div>\n\t\t\t\t\t\t<\/div>\n\t\t\t\t<\/div>\n\t\t\t\t\t<\/div>\n\t\t<\/div>\n\t\t\t\t<div class=\"elementor-column elementor-col-33 elementor-inner-column elementor-element elementor-element-6465d44f\" data-id=\"6465d44f\" data-element_type=\"column\" data-e-type=\"column\">\n\t\t\t<div class=\"elementor-widget-wrap elementor-element-populated\">\n\t\t\t\t\t\t<div class=\"elementor-element elementor-element-45046ca3 elementor-widget elementor-widget-testimonial\" data-id=\"45046ca3\" data-element_type=\"widget\" data-e-type=\"widget\" data-widget_type=\"testimonial.default\">\n\t\t\t\t<div class=\"elementor-widget-container\">\n\t\t\t\t\t\t\t<div class=\"elementor-testimonial-wrapper\">\n\t\t\t\t\t\t\t<div class=\"elementor-testimonial-content\">\"El apartamento es ideal para trabajo o descanso, la zona es muy tranquila para planes de de descanso por las comodidades que tiene el conjunto, la playa es incre\u00edble, la vista del apartamento muy llamativa. \nEl apartamento es c\u00f3modo para la cantidad de personas sugeridas, hay limpieza y orden en el lugar y el anfitri\u00f3n est\u00e1 pendiente de la comodidad durante el tiempo. \n\u00a1Muchas gracias Daniel y Alejo!\"<\/div>\n\t\t\t\n\t\t\t\t\t\t<div class=\"elementor-testimonial-meta elementor-has-image elementor-testimonial-image-position-aside\">\n\t\t\t\t<div class=\"elementor-testimonial-meta-inner\">\n\t\t\t\t\t\t\t\t\t\t\t<div class=\"elementor-testimonial-image\">\n\t\t\t\t\t\t\t<img loading=\"lazy\" decoding=\"async\" width=\"150\" height=\"150\" src=\"https:\/\/www.cbhome.co\/wp-content\/uploads\/2024\/08\/Captura-de-pantalla-2024-08-01-a-las-1.46.37-p.m-150x150.png\" class=\"attachment-thumbnail size-thumbnail wp-image-155\" alt=\"\" \/>\t\t\t\t\t\t<\/div>\n\t\t\t\t\t\n\t\t\t\t\t\t\t\t\t\t<div class=\"elementor-testimonial-details\">\n\t\t\t\t\t\t\t\t\t\t\t\t\t\t<div class=\"elementor-testimonial-name\">Sim\u00f3n, Colombia<br>@Booking<\/div>\n\t\t\t\t\t\t\t\t\t\t\t\t\t\t\t\t\t\t\t<\/div>\n\t\t\t\t\t\t\t\t\t<\/div>\n\t\t\t<\/div>\n\t\t\t\t\t<\/div>\n\t\t\t\t\t\t<\/div>\n\t\t\t\t<\/div>\n\t\t\t\t<div class=\"elementor-element elementor-element-86ad422 elementor-widget elementor-widget-testimonial\" data-id=\"86ad422\" data-element_type=\"widget\" data-e-type=\"widget\" data-widget_type=\"testimonial.default\">\n\t\t\t\t<div class=\"elementor-widget-container\">\n\t\t\t\t\t\t\t<div class=\"elementor-testimonial-wrapper\">\n\t\t\t\t\t\t\t<div class=\"elementor-testimonial-content\">El alojamiento es impecable, con todas las comodidades.\nrequerido. Recomiendo mucho este m\u00e1gico lugar.<\/div>\n\t\t\t\n\t\t\t\t\t\t<div class=\"elementor-testimonial-meta elementor-has-image elementor-testimonial-image-position-aside\">\n\t\t\t\t<div class=\"elementor-testimonial-meta-inner\">\n\t\t\t\t\t\t\t\t\t\t\t<div class=\"elementor-testimonial-image\">\n\t\t\t\t\t\t\t<img loading=\"lazy\" decoding=\"async\" width=\"150\" height=\"150\" src=\"https:\/\/www.cbhome.co\/wp-content\/uploads\/2024\/08\/Captura-de-pantalla-2024-08-01-a-las-1.59.27-p.m-150x150.png\" class=\"attachment-thumbnail size-thumbnail wp-image-157\" alt=\"\" \/>\t\t\t\t\t\t<\/div>\n\t\t\t\t\t\n\t\t\t\t\t\t\t\t\t\t<div class=\"elementor-testimonial-details\">\n\t\t\t\t\t\t\t\t\t\t\t\t\t\t<div class=\"elementor-testimonial-name\">Corinne,  guayana francesa<br>@Airbnb<\/div>\n\t\t\t\t\t\t\t\t\t\t\t\t\t\t\t\t\t\t\t<\/div>\n\t\t\t\t\t\t\t\t\t<\/div>\n\t\t\t<\/div>\n\t\t\t\t\t<\/div>\n\t\t\t\t\t\t<\/div>\n\t\t\t\t<\/div>\n\t\t\t\t\t<\/div>\n\t\t<\/div>\n\t\t\t\t\t<\/div>\n\t\t<\/section>\n\t\t\t\t\t<\/div>\n\t\t<\/div>\n\t\t\t\t\t<\/div>\n\t\t<\/section>\n\t\t<div class=\"elementor-element elementor-element-3f2ea05 e-flex e-con-boxed e-con e-parent\" data-id=\"3f2ea05\" data-element_type=\"container\" data-e-type=\"container\">\n\t\t\t\t\t<div class=\"e-con-inner\">\n\t\t\t\t<div class=\"elementor-element elementor-element-d7db0e9 elementor-widget elementor-widget-google_maps\" data-id=\"d7db0e9\" data-element_type=\"widget\" data-e-type=\"widget\" data-widget_type=\"google_maps.default\">\n\t\t\t\t<div class=\"elementor-widget-container\">\n\t\t\t\t\t\t\t<div class=\"elementor-custom-embed\">\n\t\t\t<iframe loading=\"lazy\"\n\t\t\t\t\tsrc=\"https:\/\/maps.google.com\/maps?q=Cartagena%20Beach%20Home&#038;t=m&#038;z=10&#038;output=embed&#038;iwloc=near\"\n\t\t\t\t\ttitle=\"Cartagena Beach Home\"\n\t\t\t\t\taria-label=\"Cartagena Beach Home\"\n\t\t\t><\/iframe>\n\t\t<\/div>\n\t\t\t\t\t\t<\/div>\n\t\t\t\t<\/div>\n\t\t\t\t\t<\/div>\n\t\t\t\t<\/div>\n\t\t\t\t<section class=\"elementor-section elementor-top-section elementor-element elementor-element-e420e20 elementor-section-full_width elementor-hidden-desktop elementor-hidden-tablet elementor-hidden-mobile elementor-section-height-default elementor-section-height-default\" data-id=\"e420e20\" data-element_type=\"section\" data-e-type=\"section\" data-settings=\"{&quot;background_background&quot;:&quot;classic&quot;}\">\n\t\t\t\t\t\t<div class=\"elementor-container elementor-column-gap-default\">\n\t\t\t\t\t<div class=\"elementor-column elementor-col-100 elementor-top-column elementor-element elementor-element-30f583f\" data-id=\"30f583f\" data-element_type=\"column\" data-e-type=\"column\" data-settings=\"{&quot;background_background&quot;:&quot;classic&quot;}\">\n\t\t\t<div class=\"elementor-widget-wrap elementor-element-populated\">\n\t\t\t\t\t\t\t<\/div>\n\t\t<\/div>\n\t\t\t\t\t<\/div>\n\t\t<\/section>\n\t\t\t\t<\/div>","protected":false},"excerpt":{"rendered":"<p>\u00a1El lujo y descanso que estas buscando! \u00bfPor qu\u00e9 somos la mejor opci\u00f3n en tus vacaciones? Acceso directo a la playa La playa m\u00e1s segura y tranquila de la ciudad. \u00abSer m\u00e1s para servir mejor\u00bb Equipo entrenado y especializado para brindarte un servicio de hospitalidad. Condominio biof\u00edlico de lujo Dise\u00f1ado y pensado en el confort, [&hellip;]<\/p>\n","protected":false},"author":1,"featured_media":0,"parent":0,"menu_order":0,"comment_status":"closed","ping_status":"closed","template":"","meta":{"footnotes":""},"class_list":["post-38","page","type-page","status-publish","hentry"],"_links":{"self":[{"href":"https:\/\/www.cbhome.co\/en\/wp-json\/wp\/v2\/pages\/38","targetHints":{"allow":["GET"]}}],"collection":[{"href":"https:\/\/www.cbhome.co\/en\/wp-json\/wp\/v2\/pages"}],"about":[{"href":"https:\/\/www.cbhome.co\/en\/wp-json\/wp\/v2\/types\/page"}],"author":[{"embeddable":true,"href":"https:\/\/www.cbhome.co\/en\/wp-json\/wp\/v2\/users\/1"}],"replies":[{"embeddable":true,"href":"https:\/\/www.cbhome.co\/en\/wp-json\/wp\/v2\/comments?post=38"}],"version-history":[{"count":55,"href":"https:\/\/www.cbhome.co\/en\/wp-json\/wp\/v2\/pages\/38\/revisions"}],"predecessor-version":[{"id":535,"href":"https:\/\/www.cbhome.co\/en\/wp-json\/wp\/v2\/pages\/38\/revisions\/535"}],"wp:attachment":[{"href":"https:\/\/www.cbhome.co\/en\/wp-json\/wp\/v2\/media?parent=38"}],"curies":[{"name":"wp","href":"https:\/\/api.w.org\/{rel}","templated":true}]}}