{"id":21,"date":"2024-07-20T14:56:21","date_gmt":"2024-07-20T14:56:21","guid":{"rendered":"https:\/\/www.cbhome.co\/nosotros\/"},"modified":"2024-10-24T15:18:00","modified_gmt":"2024-10-24T15:18:00","slug":"nosotros","status":"publish","type":"page","link":"https:\/\/www.cbhome.co\/en\/nosotros\/","title":{"rendered":"Live Cartagena"},"content":{"rendered":"<div data-elementor-type=\"wp-page\" data-elementor-id=\"21\" class=\"elementor elementor-21\" data-elementor-post-type=\"page\">\n\t\t\t\t\t\t<section class=\"elementor-section elementor-top-section elementor-element elementor-element-22069746 elementor-section-full_width elementor-section-height-default elementor-section-height-default\" data-id=\"22069746\" data-element_type=\"section\" data-e-type=\"section\">\n\t\t\t\t\t\t<div class=\"elementor-container elementor-column-gap-no\">\n\t\t\t\t\t<div class=\"elementor-column elementor-col-50 elementor-top-column elementor-element elementor-element-20c355ce\" data-id=\"20c355ce\" data-element_type=\"column\" data-e-type=\"column\">\n\t\t\t<div class=\"elementor-widget-wrap elementor-element-populated\">\n\t\t\t\t\t\t<div class=\"elementor-element elementor-element-323b9905 elementor-widget elementor-widget-heading\" data-id=\"323b9905\" data-element_type=\"widget\" data-e-type=\"widget\" data-widget_type=\"heading.default\">\n\t\t\t\t<div class=\"elementor-widget-container\">\n\t\t\t\t\t<h1 class=\"elementor-heading-title elementor-size-default\">Live Cartagena<\/h1>\t\t\t\t<\/div>\n\t\t\t\t<\/div>\n\t\t\t\t<div class=\"elementor-element elementor-element-400f550f elementor-widget-divider--view-line elementor-widget elementor-widget-divider\" data-id=\"400f550f\" data-element_type=\"widget\" data-e-type=\"widget\" data-widget_type=\"divider.default\">\n\t\t\t\t<div class=\"elementor-widget-container\">\n\t\t\t\t\t\t\t<div class=\"elementor-divider\">\n\t\t\t<span class=\"elementor-divider-separator\">\n\t\t\t\t\t\t<\/span>\n\t\t<\/div>\n\t\t\t\t\t\t<\/div>\n\t\t\t\t<\/div>\n\t\t\t\t<div class=\"elementor-element elementor-element-62d002bb elementor-widget__width-initial elementor-widget elementor-widget-text-editor\" data-id=\"62d002bb\" data-element_type=\"widget\" data-e-type=\"widget\" data-widget_type=\"text-editor.default\">\n\t\t\t\t<div class=\"elementor-widget-container\">\n\t\t\t\t\t\t\t\t\t<h2 class=\"wp-block-heading\">The heroic city<\/h2><p>With more than 3 million tourists a year, Cartagena de Indias is positioned as one of the most tourist places of Latin america. Its history, architecture and culture are its major attractions along to its spectacular beaches and landscapes.<\/p><p>You get a tour guide with recommendations on activities, means of transportation, and restaurants to explore in Cartagena.<\/p><div class=\"wp-block-buttons is-layout-flex wp-block-buttons-is-layout-flex\">\u00a0<\/div>\t\t\t\t\t\t\t\t<\/div>\n\t\t\t\t<\/div>\n\t\t\t\t<div class=\"elementor-element elementor-element-dd3f48c elementor-widget elementor-widget-button\" data-id=\"dd3f48c\" data-element_type=\"widget\" data-e-type=\"widget\" data-widget_type=\"button.default\">\n\t\t\t\t<div class=\"elementor-widget-container\">\n\t\t\t\t\t\t\t\t\t<div class=\"elementor-button-wrapper\">\n\t\t\t\t\t<a class=\"elementor-button elementor-button-link elementor-size-sm\" href=\"https:\/\/drive.google.com\/drive\/u\/0\/folders\/1h24IuloGthxa6G9o24gyrdM8xgk070-8\">\n\t\t\t\t\t\t<span class=\"elementor-button-content-wrapper\">\n\t\t\t\t\t\t\t\t\t<span class=\"elementor-button-text\">Download tourist guide<\/span>\n\t\t\t\t\t<\/span>\n\t\t\t\t\t<\/a>\n\t\t\t\t<\/div>\n\t\t\t\t\t\t\t\t<\/div>\n\t\t\t\t<\/div>\n\t\t\t\t\t<\/div>\n\t\t<\/div>\n\t\t\t\t<div class=\"elementor-column elementor-col-50 elementor-top-column elementor-element elementor-element-43f9a1cc\" data-id=\"43f9a1cc\" data-element_type=\"column\" data-e-type=\"column\" data-settings=\"{&quot;background_background&quot;:&quot;classic&quot;}\">\n\t\t\t<div class=\"elementor-widget-wrap elementor-element-populated\">\n\t\t\t\t\t\t<div class=\"elementor-element elementor-element-395ec593 elementor-widget elementor-widget-image\" data-id=\"395ec593\" data-element_type=\"widget\" data-e-type=\"widget\" data-widget_type=\"image.default\">\n\t\t\t\t<div class=\"elementor-widget-container\">\n\t\t\t\t\t\t\t\t\t\t\t\t\t\t\t<img fetchpriority=\"high\" decoding=\"async\" width=\"800\" height=\"1000\" src=\"https:\/\/www.cbhome.co\/wp-content\/uploads\/2024\/08\/IMG_7810-819x1024.jpg\" class=\"attachment-large size-large wp-image-250\" alt=\"Ciudad amurallada cartagena\" srcset=\"https:\/\/www.cbhome.co\/wp-content\/uploads\/2024\/08\/IMG_7810-819x1024.jpg 819w, https:\/\/www.cbhome.co\/wp-content\/uploads\/2024\/08\/IMG_7810-240x300.jpg 240w, https:\/\/www.cbhome.co\/wp-content\/uploads\/2024\/08\/IMG_7810-768x960.jpg 768w, https:\/\/www.cbhome.co\/wp-content\/uploads\/2024\/08\/IMG_7810.jpg 1080w\" sizes=\"(max-width: 800px) 100vw, 800px\" \/>\t\t\t\t\t\t\t\t\t\t\t\t\t\t\t<\/div>\n\t\t\t\t<\/div>\n\t\t\t\t\t<\/div>\n\t\t<\/div>\n\t\t\t\t\t<\/div>\n\t\t<\/section>\n\t\t\t\t<\/div>","protected":false},"excerpt":{"rendered":"<p>Vive Cartagena La ciudad heroica Con m\u00e1s de 3 millones de turistas al a\u00f1o, Cartagena de Indias se posiciona como uno de los lugares m\u00e1s tur\u00edsticos de Latinoam\u00e9rica. Su historia, arquitectura y cultura son sus mayores atractivos junto a sus espectaculares playas y paisajes. Te obsequiamos una gu\u00eda tur\u00edstica con recomendaciones sobre actividades, medios de [&hellip;]<\/p>\n","protected":false},"author":1,"featured_media":0,"parent":0,"menu_order":0,"comment_status":"closed","ping_status":"closed","template":"elementor_header_footer","meta":{"footnotes":""},"class_list":["post-21","page","type-page","status-publish","hentry"],"_links":{"self":[{"href":"https:\/\/www.cbhome.co\/en\/wp-json\/wp\/v2\/pages\/21","targetHints":{"allow":["GET"]}}],"collection":[{"href":"https:\/\/www.cbhome.co\/en\/wp-json\/wp\/v2\/pages"}],"about":[{"href":"https:\/\/www.cbhome.co\/en\/wp-json\/wp\/v2\/types\/page"}],"author":[{"embeddable":true,"href":"https:\/\/www.cbhome.co\/en\/wp-json\/wp\/v2\/users\/1"}],"replies":[{"embeddable":true,"href":"https:\/\/www.cbhome.co\/en\/wp-json\/wp\/v2\/comments?post=21"}],"version-history":[{"count":29,"href":"https:\/\/www.cbhome.co\/en\/wp-json\/wp\/v2\/pages\/21\/revisions"}],"predecessor-version":[{"id":340,"href":"https:\/\/www.cbhome.co\/en\/wp-json\/wp\/v2\/pages\/21\/revisions\/340"}],"wp:attachment":[{"href":"https:\/\/www.cbhome.co\/en\/wp-json\/wp\/v2\/media?parent=21"}],"curies":[{"name":"wp","href":"https:\/\/api.w.org\/{rel}","templated":true}]}}